{"id":514,"date":"2020-03-30T16:50:05","date_gmt":"2020-03-30T16:50:05","guid":{"rendered":"http:\/\/www.lmsa.lmlo.lt\/?page_id=514"},"modified":"2023-01-10T11:12:46","modified_gmt":"2023-01-10T11:12:46","slug":"edukaciniai-seminarai","status":"publish","type":"page","link":"https:\/\/www.lmsa.lmlo.lt\/?page_id=514","title":{"rendered":"Edukaciniai seminarai"},"content":{"rendered":"\n<h3>Veiklos tikslas: <\/h3>\n\n\n\n<p>Analizuoti su moterimis progresyvius vaidmens modelius &#8211; skaitmeniniu pavidalu parengtas moter\u0173 s\u0117km\u0117s istorijas: 4 mergai\u010di\u0173, 4 moter\u0173 ir 4 senjori\u0173. <\/p>\n\n\n\n<p>Reguliariai sportuoti prad\u0117jusios merginos dalinasi savo patirtimi, kaip d\u0117l fizinio aktyvumo pager\u0117jo j\u0173 gyvenimo kokyb\u0117, sveikata, ry\u0161iai ir jausenos. Pataria, kaip prad\u0117ti sportuoti, kaip \u012fgyti fizinio aktyvumo \u012fprot\u012f ir j\u012f i\u0161laikyti.<\/p>\n\n\n\n<figure class=\"wp-block-embed-youtube wp-block-embed is-type-video is-provider-youtube wp-embed-aspect-16-9 wp-has-aspect-ratio\"><div class=\"wp-block-embed__wrapper\">\nhttps:\/\/youtu.be\/_5ETxJn14ec\n<\/div><\/figure>\n\n\n\n<figure class=\"wp-block-embed-youtube wp-block-embed is-type-video is-provider-youtube wp-embed-aspect-16-9 wp-has-aspect-ratio\"><div class=\"wp-block-embed__wrapper\">\n<iframe title=\"Sportas naikina galvos skausm\u0105 ir suteikia energijos (Dovil\u0117)\" width=\"1240\" height=\"698\" src=\"https:\/\/www.youtube.com\/embed\/dIr5fV99gMI?feature=oembed\" frameborder=\"0\" allow=\"accelerometer; autoplay; clipboard-write; encrypted-media; gyroscope; picture-in-picture; web-share\" allowfullscreen><\/iframe>\n<\/div><\/figure>\n\n\n\n<figure class=\"wp-block-embed-youtube wp-block-embed is-type-video is-provider-youtube wp-embed-aspect-16-9 wp-has-aspect-ratio\"><div class=\"wp-block-embed__wrapper\">\n<iframe title=\"Smagu i\u0161bandyti vis naujas sporto r\u016b\u0161is (Ieva)\" width=\"1240\" height=\"698\" src=\"https:\/\/www.youtube.com\/embed\/XYa5TZmRDDY?feature=oembed\" frameborder=\"0\" allow=\"accelerometer; autoplay; clipboard-write; encrypted-media; gyroscope; picture-in-picture; web-share\" allowfullscreen><\/iframe>\n<\/div><\/figure>\n\n\n\n<figure class=\"wp-block-embed-youtube wp-block-embed is-type-video is-provider-youtube wp-embed-aspect-16-9 wp-has-aspect-ratio\"><div class=\"wp-block-embed__wrapper\">\n<iframe title=\"Sportas \u2013 atsipalaidavimo b\u016bdas ir miego daktaras (Ieva)\" width=\"1240\" height=\"698\" src=\"https:\/\/www.youtube.com\/embed\/jcBz4qRj-tM?feature=oembed\" frameborder=\"0\" allow=\"accelerometer; autoplay; clipboard-write; encrypted-media; gyroscope; picture-in-picture; web-share\" allowfullscreen><\/iframe>\n<\/div><\/figure>\n\n\n\n<p>Reguliariai sportuoti prad\u0117jusios moterys dalinasi savo patirtimi, kaip d\u0117l fizinio aktyvumo pager\u0117jo j\u0173 gyvenimo kokyb\u0117, sveikata, ry\u0161iai ir jausenos. Pataria, kaip prad\u0117ti sportuoti, kaip \u012fgyti fizinio aktyvumo \u012fprot\u012f ir j\u012f i\u0161laikyti.<\/p>\n\n\n\n<figure class=\"wp-block-embed-youtube wp-block-embed is-type-video is-provider-youtube wp-embed-aspect-16-9 wp-has-aspect-ratio\"><div class=\"wp-block-embed__wrapper\">\n<iframe title=\"Sportas pirmiausia! - geresn\u0117 fizin\u0117 ir emocin\u0117 sveikata (Stasel\u0117)\" width=\"1240\" height=\"698\" src=\"https:\/\/www.youtube.com\/embed\/GHLmRRL_DOM?feature=oembed\" frameborder=\"0\" allow=\"accelerometer; autoplay; clipboard-write; encrypted-media; gyroscope; picture-in-picture; web-share\" allowfullscreen><\/iframe>\n<\/div><\/figure>\n\n\n\n<figure class=\"wp-block-embed-youtube wp-block-embed is-type-video is-provider-youtube wp-embed-aspect-16-9 wp-has-aspect-ratio\"><div class=\"wp-block-embed__wrapper\">\n<iframe title=\"Meil\u0117 ir r\u016bpestis \u017eirgais neleid\u017eia apkiausti.  (Kotryna)\" width=\"1240\" height=\"698\" src=\"https:\/\/www.youtube.com\/embed\/-GS16bnZp-0?feature=oembed\" frameborder=\"0\" allow=\"accelerometer; autoplay; clipboard-write; encrypted-media; gyroscope; picture-in-picture; web-share\" allowfullscreen><\/iframe>\n<\/div><\/figure>\n\n\n\n<figure class=\"wp-block-embed-youtube wp-block-embed is-type-video is-provider-youtube wp-embed-aspect-16-9 wp-has-aspect-ratio\"><div class=\"wp-block-embed__wrapper\">\n<iframe title=\"Sportas suteikia sparnus. I\u0161laisv\u0117ja mintys, skleid\u017eiasi k\u016bryba.  (Vaida)\" width=\"1240\" height=\"698\" src=\"https:\/\/www.youtube.com\/embed\/4TSs8EOtwXE?feature=oembed\" frameborder=\"0\" allow=\"accelerometer; autoplay; clipboard-write; encrypted-media; gyroscope; picture-in-picture; web-share\" allowfullscreen><\/iframe>\n<\/div><\/figure>\n\n\n\n<figure class=\"wp-block-embed-youtube wp-block-embed is-type-video is-provider-youtube wp-embed-aspect-16-9 wp-has-aspect-ratio\"><div class=\"wp-block-embed__wrapper\">\n<iframe title=\"Su sportu atsiranda pasitik\u0117jimas savimi (Lina)\" width=\"1240\" height=\"698\" src=\"https:\/\/www.youtube.com\/embed\/66xlA1p9jAs?feature=oembed\" frameborder=\"0\" allow=\"accelerometer; autoplay; clipboard-write; encrypted-media; gyroscope; picture-in-picture; web-share\" allowfullscreen><\/iframe>\n<\/div><\/figure>\n\n\n\n<p>Reguliariai sportuoti prad\u0117jusios vyresnio am\u017eiaus moterys dalinasi savo patirtimi, kaip d\u0117l fizinio aktyvumo pager\u0117jo j\u0173 gyvenimo kokyb\u0117, sveikata, ry\u0161iai ir jausenos. Pataria, kaip prad\u0117ti sportuoti, kaip \u012fgyti fizinio aktyvumo \u012fprot\u012f ir j\u012f i\u0161laikyti.<\/p>\n\n\n\n<figure class=\"wp-block-embed-youtube wp-block-embed is-type-video is-provider-youtube wp-embed-aspect-16-9 wp-has-aspect-ratio\"><div class=\"wp-block-embed__wrapper\">\nhttps:\/\/www.youtube.com\/watch?v=nS2s619f1tI\n<\/div><\/figure>\n\n\n\n<figure class=\"wp-block-embed-youtube wp-block-embed is-type-video is-provider-youtube wp-embed-aspect-16-9 wp-has-aspect-ratio\"><div class=\"wp-block-embed__wrapper\">\n<iframe title=\"Geros sveikatos paslaptis gl\u016bdi reguliariame sportavime (Danut\u0117)\" width=\"1240\" height=\"698\" src=\"https:\/\/www.youtube.com\/embed\/BUl5z-kAb7s?feature=oembed\" frameborder=\"0\" allow=\"accelerometer; autoplay; clipboard-write; encrypted-media; gyroscope; picture-in-picture; web-share\" allowfullscreen><\/iframe>\n<\/div><\/figure>\n\n\n\n<figure class=\"wp-block-embed-youtube wp-block-embed is-type-video is-provider-youtube wp-embed-aspect-16-9 wp-has-aspect-ratio\"><div class=\"wp-block-embed__wrapper\">\n<iframe title=\"Sportas vyresniame am\u017eiuje -  tai sveikata, gera nuotaika, draugyst\u0117 (Rita)\" width=\"1240\" height=\"698\" src=\"https:\/\/www.youtube.com\/embed\/Q2SYBYTqF5c?feature=oembed\" frameborder=\"0\" allow=\"accelerometer; autoplay; clipboard-write; encrypted-media; gyroscope; picture-in-picture; web-share\" allowfullscreen><\/iframe>\n<\/div><\/figure>\n\n\n\n<figure class=\"wp-block-embed-youtube wp-block-embed is-type-video is-provider-youtube wp-embed-aspect-16-9 wp-has-aspect-ratio\"><div class=\"wp-block-embed__wrapper\">\nhttps:\/\/youtu.be\/0TKtvcXRJas\n<\/div><\/figure>\n\n\n\n<p><\/p>\n","protected":false},"excerpt":{"rendered":"<p>Veiklos tikslas: Analizuoti su moterimis progresyvius vaidmens modelius &#8211; skaitmeniniu pavidalu parengtas moter\u0173 s\u0117km\u0117s istorijas: 4 mergai\u010di\u0173, 4 moter\u0173 ir 4 senjori\u0173. Reguliariai sportuoti prad\u0117jusios merginos dalinasi savo patirtimi, kaip d\u0117l fizinio aktyvumo pager\u0117jo j\u0173 gyvenimo kokyb\u0117, sveikata, ry\u0161iai ir jausenos. Pataria, kaip prad\u0117ti sportuoti, kaip \u012fgyti fizinio aktyvumo \u012fprot\u012f ir j\u012f i\u0161laikyti. Reguliariai sportuoti&hellip;<\/p>\n","protected":false},"author":1,"featured_media":412,"parent":0,"menu_order":0,"comment_status":"closed","ping_status":"closed","template":"","meta":{"ngg_post_thumbnail":0},"_links":{"self":[{"href":"https:\/\/www.lmsa.lmlo.lt\/index.php?rest_route=\/wp\/v2\/pages\/514"}],"collection":[{"href":"https:\/\/www.lmsa.lmlo.lt\/index.php?rest_route=\/wp\/v2\/pages"}],"about":[{"href":"https:\/\/www.lmsa.lmlo.lt\/index.php?rest_route=\/wp\/v2\/types\/page"}],"author":[{"embeddable":true,"href":"https:\/\/www.lmsa.lmlo.lt\/index.php?rest_route=\/wp\/v2\/users\/1"}],"replies":[{"embeddable":true,"href":"https:\/\/www.lmsa.lmlo.lt\/index.php?rest_route=%2Fwp%2Fv2%2Fcomments&post=514"}],"version-history":[{"count":42,"href":"https:\/\/www.lmsa.lmlo.lt\/index.php?rest_route=\/wp\/v2\/pages\/514\/revisions"}],"predecessor-version":[{"id":961,"href":"https:\/\/www.lmsa.lmlo.lt\/index.php?rest_route=\/wp\/v2\/pages\/514\/revisions\/961"}],"wp:featuredmedia":[{"embeddable":true,"href":"https:\/\/www.lmsa.lmlo.lt\/index.php?rest_route=\/wp\/v2\/media\/412"}],"wp:attachment":[{"href":"https:\/\/www.lmsa.lmlo.lt\/index.php?rest_route=%2Fwp%2Fv2%2Fmedia&parent=514"}],"curies":[{"name":"wp","href":"https:\/\/api.w.org\/{rel}","templated":true}]}}