{"id":512,"date":"2020-03-30T16:47:32","date_gmt":"2020-03-30T16:47:32","guid":{"rendered":"http:\/\/www.lmsa.lmlo.lt\/?page_id=512"},"modified":"2022-12-30T15:27:32","modified_gmt":"2022-12-30T15:27:32","slug":"dialogines-grupes","status":"publish","type":"page","link":"https:\/\/www.lmsa.lmlo.lt\/?page_id=512","title":{"rendered":"Dialogin\u0117s grup\u0117s"},"content":{"rendered":"\n<h3>Veiklos tikslas: <\/h3>\n\n\n\n<p>Stiprinti mergai\u010di\u0173 ir moter\u0173 \ufb01zinio aktyvumo mentalitet\u0105 ir s\u0105moningum\u0105 u\u017etikrinant aktyvias patyrimines grup\u0117s dalyvi\u0173 diskusijas.<\/p>\n\n\n\n<p>Rezultate did\u0117s dalyvi\u0173 motyvacija reguliariai sportuoti, dalintis id\u0117jomis apie \ufb01zinio aktyvumo naud\u0105 su \u0161eimos nariais, draugais ir bendradarbiais.  Siekiame, kad dalyv\u0117s &nbsp;tapt\u0173 aktyvaus gyvenimo b\u016bdo ambasador\u0117mis ir t\u0119st\u0173 \ufb01zinio aktyvumo veiklas pasibaigus projektui. <\/p>\n\n\n\n<!-- default-view.php -->\n<div\n\tclass=\"ngg-galleryoverview default-view \"\n\tid=\"ngg-gallery-bfde87c61b8e84389d5c10a0c1667d17-1\">\n\n\t\t<!-- Thumbnails -->\n\t\t\t\t<div id=\"ngg-image-0\" class=\"ngg-gallery-thumbnail-box ngg-4-columns\" >\n\t\t\t\t        <div class=\"ngg-gallery-thumbnail\">\n            <a href=\"https:\/\/www.lmsa.lmlo.lt\/wp-content\/gallery\/dialogines-grupes\/dialogines-1.jpg\"\n               title=\"\"\n               data-src=\"https:\/\/www.lmsa.lmlo.lt\/wp-content\/gallery\/dialogines-grupes\/dialogines-1.jpg\"\n               data-thumbnail=\"https:\/\/www.lmsa.lmlo.lt\/wp-content\/gallery\/dialogines-grupes\/thumbs\/thumbs_dialogines-1.jpg\"\n               data-image-id=\"43\"\n               data-title=\"dialogines-1\"\n               data-description=\"\"\n               data-image-slug=\"dialogines-1\"\n               class=\"ngg-simplelightbox\" rel=\"bfde87c61b8e84389d5c10a0c1667d17\">\n                <img\n                    title=\"dialogines-1\"\n                    alt=\"dialogines-1\"\n                    src=\"https:\/\/www.lmsa.lmlo.lt\/wp-content\/gallery\/dialogines-grupes\/thumbs\/thumbs_dialogines-1.jpg\"\n                    width=\"240\"\n                    height=\"160\"\n                    style=\"max-width:100%;\"\n                \/>\n            <\/a>\n        <\/div>\n\t\t\t\t\t\t\t<\/div> \n\t\t\t\n\t\t\t\t<div id=\"ngg-image-1\" class=\"ngg-gallery-thumbnail-box ngg-4-columns\" >\n\t\t\t\t        <div class=\"ngg-gallery-thumbnail\">\n            <a href=\"https:\/\/www.lmsa.lmlo.lt\/wp-content\/gallery\/dialogines-grupes\/dialogines-2.jpg\"\n               title=\"\"\n               data-src=\"https:\/\/www.lmsa.lmlo.lt\/wp-content\/gallery\/dialogines-grupes\/dialogines-2.jpg\"\n               data-thumbnail=\"https:\/\/www.lmsa.lmlo.lt\/wp-content\/gallery\/dialogines-grupes\/thumbs\/thumbs_dialogines-2.jpg\"\n               data-image-id=\"44\"\n               data-title=\"dialogines-2\"\n               data-description=\"\"\n               data-image-slug=\"dialogines-2\"\n               class=\"ngg-simplelightbox\" rel=\"bfde87c61b8e84389d5c10a0c1667d17\">\n                <img\n                    title=\"dialogines-2\"\n                    alt=\"dialogines-2\"\n                    src=\"https:\/\/www.lmsa.lmlo.lt\/wp-content\/gallery\/dialogines-grupes\/thumbs\/thumbs_dialogines-2.jpg\"\n                    width=\"240\"\n                    height=\"160\"\n                    style=\"max-width:100%;\"\n                \/>\n            <\/a>\n        <\/div>\n\t\t\t\t\t\t\t<\/div> \n\t\t\t\n\t\t\t\t<div id=\"ngg-image-2\" class=\"ngg-gallery-thumbnail-box ngg-4-columns\" >\n\t\t\t\t        <div class=\"ngg-gallery-thumbnail\">\n            <a href=\"https:\/\/www.lmsa.lmlo.lt\/wp-content\/gallery\/dialogines-grupes\/dialogines-3.jpg\"\n               title=\"\"\n               data-src=\"https:\/\/www.lmsa.lmlo.lt\/wp-content\/gallery\/dialogines-grupes\/dialogines-3.jpg\"\n               data-thumbnail=\"https:\/\/www.lmsa.lmlo.lt\/wp-content\/gallery\/dialogines-grupes\/thumbs\/thumbs_dialogines-3.jpg\"\n               data-image-id=\"41\"\n               data-title=\"dialogines-3\"\n               data-description=\"\"\n               data-image-slug=\"dialogines-3\"\n               class=\"ngg-simplelightbox\" rel=\"bfde87c61b8e84389d5c10a0c1667d17\">\n                <img\n                    title=\"dialogines-3\"\n                    alt=\"dialogines-3\"\n                    src=\"https:\/\/www.lmsa.lmlo.lt\/wp-content\/gallery\/dialogines-grupes\/thumbs\/thumbs_dialogines-3.jpg\"\n                    width=\"240\"\n                    height=\"160\"\n                    style=\"max-width:100%;\"\n                \/>\n            <\/a>\n        <\/div>\n\t\t\t\t\t\t\t<\/div> \n\t\t\t\n\t\t\t\t<div id=\"ngg-image-3\" class=\"ngg-gallery-thumbnail-box ngg-4-columns\" >\n\t\t\t\t        <div class=\"ngg-gallery-thumbnail\">\n            <a href=\"https:\/\/www.lmsa.lmlo.lt\/wp-content\/gallery\/dialogines-grupes\/dialogines-4.jpg\"\n               title=\"\"\n               data-src=\"https:\/\/www.lmsa.lmlo.lt\/wp-content\/gallery\/dialogines-grupes\/dialogines-4.jpg\"\n               data-thumbnail=\"https:\/\/www.lmsa.lmlo.lt\/wp-content\/gallery\/dialogines-grupes\/thumbs\/thumbs_dialogines-4.jpg\"\n               data-image-id=\"42\"\n               data-title=\"dialogines-4\"\n               data-description=\"\"\n               data-image-slug=\"dialogines-4\"\n               class=\"ngg-simplelightbox\" rel=\"bfde87c61b8e84389d5c10a0c1667d17\">\n                <img\n                    title=\"dialogines-4\"\n                    alt=\"dialogines-4\"\n                    src=\"https:\/\/www.lmsa.lmlo.lt\/wp-content\/gallery\/dialogines-grupes\/thumbs\/thumbs_dialogines-4.jpg\"\n                    width=\"240\"\n                    height=\"160\"\n                    style=\"max-width:100%;\"\n                \/>\n            <\/a>\n        <\/div>\n\t\t\t\t\t\t\t<\/div> \n\t\t\t\n\t\n\t<br style=\"clear: both\" \/>\n\n\t\n\t\t<!-- Pagination -->\n\t<div class='ngg-clear'><\/div>\t<\/div>\n\n","protected":false},"excerpt":{"rendered":"<p>Veiklos tikslas: Stiprinti mergai\u010di\u0173 ir moter\u0173 \ufb01zinio aktyvumo mentalitet\u0105 ir s\u0105moningum\u0105 u\u017etikrinant aktyvias patyrimines grup\u0117s dalyvi\u0173 diskusijas. Rezultate did\u0117s dalyvi\u0173 motyvacija reguliariai sportuoti, dalintis id\u0117jomis apie \ufb01zinio aktyvumo naud\u0105 su \u0161eimos nariais, draugais ir bendradarbiais. Siekiame, kad dalyv\u0117s &nbsp;tapt\u0173 aktyvaus gyvenimo b\u016bdo ambasador\u0117mis ir t\u0119st\u0173 \ufb01zinio aktyvumo veiklas pasibaigus projektui.<\/p>\n","protected":false},"author":1,"featured_media":412,"parent":0,"menu_order":0,"comment_status":"closed","ping_status":"closed","template":"","meta":{"ngg_post_thumbnail":0},"_links":{"self":[{"href":"https:\/\/www.lmsa.lmlo.lt\/index.php?rest_route=\/wp\/v2\/pages\/512"}],"collection":[{"href":"https:\/\/www.lmsa.lmlo.lt\/index.php?rest_route=\/wp\/v2\/pages"}],"about":[{"href":"https:\/\/www.lmsa.lmlo.lt\/index.php?rest_route=\/wp\/v2\/types\/page"}],"author":[{"embeddable":true,"href":"https:\/\/www.lmsa.lmlo.lt\/index.php?rest_route=\/wp\/v2\/users\/1"}],"replies":[{"embeddable":true,"href":"https:\/\/www.lmsa.lmlo.lt\/index.php?rest_route=%2Fwp%2Fv2%2Fcomments&post=512"}],"version-history":[{"count":4,"href":"https:\/\/www.lmsa.lmlo.lt\/index.php?rest_route=\/wp\/v2\/pages\/512\/revisions"}],"predecessor-version":[{"id":831,"href":"https:\/\/www.lmsa.lmlo.lt\/index.php?rest_route=\/wp\/v2\/pages\/512\/revisions\/831"}],"wp:featuredmedia":[{"embeddable":true,"href":"https:\/\/www.lmsa.lmlo.lt\/index.php?rest_route=\/wp\/v2\/media\/412"}],"wp:attachment":[{"href":"https:\/\/www.lmsa.lmlo.lt\/index.php?rest_route=%2Fwp%2Fv2%2Fmedia&parent=512"}],"curies":[{"name":"wp","href":"https:\/\/api.w.org\/{rel}","templated":true}]}}