{"id":502,"date":"2020-03-30T16:43:31","date_gmt":"2020-03-30T16:43:31","guid":{"rendered":"http:\/\/www.lmsa.lmlo.lt\/?page_id=502"},"modified":"2022-12-30T12:46:06","modified_gmt":"2022-12-30T12:46:06","slug":"periodiska-1k-men-fizinio-aktyvumo-veikla-su-edukacija-savaitgaliais","status":"publish","type":"page","link":"https:\/\/www.lmsa.lmlo.lt\/?page_id=502","title":{"rendered":"Periodi\u0161ka (1k\/m\u0117n) fizinio aktyvumo veikla su edukacija savaitgaliais"},"content":{"rendered":"\n<h3><strong>Veiklos tikslas<\/strong>:<\/h3>\n\n\n\n<p>Stiprinti bendruomen\u0117s \u0161eim\u0173 ra\u0161tingo \ufb01zinio aktyvumo \u012fpro\u010dius laisvalaikiu. <\/p>\n\n\n\n<h3>\u0160eim\u0173 sporto \u0161e\u0161tadieniai (1k.\/m\u0117n. ):<\/h3>\n\n\n\n<ul><li>P\u0117s\u010di\u0173j\u0173 \u017eygiai<\/li><\/ul>\n\n\n\n<ul><li>\u0160iaurieti\u0161ki pasivaik\u0161\u010diojimai<\/li><\/ul>\n\n\n\n<ul><li>Plaukimas baseine<\/li><\/ul>\n\n\n\n<p>Kart\u0105 per m\u0117nes\u012f projekto dalyv\u0117s, j\u0173 \u0161eimos nariai bei kiti Kauno rajono gyventojai kvie\u010diami dalyvauti \u0161e\u0161tadieniniuose p\u0117s\u010di\u0173j\u0173 \u017eygiuose, \u0161iaurieti\u0161kuose vaik\u0161\u010diojimuose, praplaukti baseine ar pana\u0161iose \ufb01zinio aktyvumo veiklose. <\/p>\n\n\n\n<p>Prie\u0161 kiekvien\u0105 vaik\u0161\u010diojim\u0105 ar plaukim\u0105, dalyviai i\u0161klausys trump\u0105 paskait\u0105 apie taisykling\u0105 vaik\u0161\u010diojim\u0105, b\u0117gim\u0105 ir plaukim\u0105, laikysen\u0105, taisykling\u0105 kv\u0117pavim\u0105, veiklos gr\u0117smes bei savo k\u016bno signal\u0173 pa\u017einim\u0105 ir tinkam\u0105 reagavim\u0105. <\/p>\n\n\n\n<!-- default-view.php -->\n<div\n\tclass=\"ngg-galleryoverview default-view \"\n\tid=\"ngg-gallery-8ef0c1835b802ec808b6f97719459501-1\">\n\n\t\t<!-- Thumbnails -->\n\t\t\t\t<div id=\"ngg-image-0\" class=\"ngg-gallery-thumbnail-box \" >\n\t\t\t\t        <div class=\"ngg-gallery-thumbnail\">\n            <a href=\"https:\/\/www.lmsa.lmlo.lt\/wp-content\/gallery\/periodiska-fizinio-aktyvumo-veikla\/Periodiska-1.jpg\"\n               title=\"\"\n               data-src=\"https:\/\/www.lmsa.lmlo.lt\/wp-content\/gallery\/periodiska-fizinio-aktyvumo-veikla\/Periodiska-1.jpg\"\n               data-thumbnail=\"https:\/\/www.lmsa.lmlo.lt\/wp-content\/gallery\/periodiska-fizinio-aktyvumo-veikla\/thumbs\/thumbs_Periodiska-1.jpg\"\n               data-image-id=\"38\"\n               data-title=\"Periodiska-1\"\n               data-description=\"\"\n               data-image-slug=\"periodiska-1\"\n               class=\"ngg-simplelightbox\" rel=\"8ef0c1835b802ec808b6f97719459501\">\n                <img\n                    title=\"Periodiska-1\"\n                    alt=\"Periodiska-1\"\n                    src=\"https:\/\/www.lmsa.lmlo.lt\/wp-content\/gallery\/periodiska-fizinio-aktyvumo-veikla\/thumbs\/thumbs_Periodiska-1.jpg\"\n                    width=\"240\"\n                    height=\"160\"\n                    style=\"max-width:100%;\"\n                \/>\n            <\/a>\n        <\/div>\n\t\t\t\t\t\t\t<\/div> \n\t\t\t\n\t\t\t\t<div id=\"ngg-image-1\" class=\"ngg-gallery-thumbnail-box \" >\n\t\t\t\t        <div class=\"ngg-gallery-thumbnail\">\n            <a href=\"https:\/\/www.lmsa.lmlo.lt\/wp-content\/gallery\/periodiska-fizinio-aktyvumo-veikla\/Periodiska-2.jpg\"\n               title=\"\"\n               data-src=\"https:\/\/www.lmsa.lmlo.lt\/wp-content\/gallery\/periodiska-fizinio-aktyvumo-veikla\/Periodiska-2.jpg\"\n               data-thumbnail=\"https:\/\/www.lmsa.lmlo.lt\/wp-content\/gallery\/periodiska-fizinio-aktyvumo-veikla\/thumbs\/thumbs_Periodiska-2.jpg\"\n               data-image-id=\"39\"\n               data-title=\"Periodiska-2\"\n               data-description=\"\"\n               data-image-slug=\"periodiska-2\"\n               class=\"ngg-simplelightbox\" rel=\"8ef0c1835b802ec808b6f97719459501\">\n                <img\n                    title=\"Periodiska-2\"\n                    alt=\"Periodiska-2\"\n                    src=\"https:\/\/www.lmsa.lmlo.lt\/wp-content\/gallery\/periodiska-fizinio-aktyvumo-veikla\/thumbs\/thumbs_Periodiska-2.jpg\"\n                    width=\"240\"\n                    height=\"160\"\n                    style=\"max-width:100%;\"\n                \/>\n            <\/a>\n        <\/div>\n\t\t\t\t\t\t\t<\/div> \n\t\t\t\n\t\t\t\t<div id=\"ngg-image-2\" class=\"ngg-gallery-thumbnail-box \" >\n\t\t\t\t        <div class=\"ngg-gallery-thumbnail\">\n            <a href=\"https:\/\/www.lmsa.lmlo.lt\/wp-content\/gallery\/periodiska-fizinio-aktyvumo-veikla\/Periodiska-3.jpg\"\n               title=\"\"\n               data-src=\"https:\/\/www.lmsa.lmlo.lt\/wp-content\/gallery\/periodiska-fizinio-aktyvumo-veikla\/Periodiska-3.jpg\"\n               data-thumbnail=\"https:\/\/www.lmsa.lmlo.lt\/wp-content\/gallery\/periodiska-fizinio-aktyvumo-veikla\/thumbs\/thumbs_Periodiska-3.jpg\"\n               data-image-id=\"40\"\n               data-title=\"Periodiska-3\"\n               data-description=\"\"\n               data-image-slug=\"periodiska-3\"\n               class=\"ngg-simplelightbox\" rel=\"8ef0c1835b802ec808b6f97719459501\">\n                <img\n                    title=\"Periodiska-3\"\n                    alt=\"Periodiska-3\"\n                    src=\"https:\/\/www.lmsa.lmlo.lt\/wp-content\/gallery\/periodiska-fizinio-aktyvumo-veikla\/thumbs\/thumbs_Periodiska-3.jpg\"\n                    width=\"240\"\n                    height=\"160\"\n                    style=\"max-width:100%;\"\n                \/>\n            <\/a>\n        <\/div>\n\t\t\t\t\t\t\t<\/div> \n\t\t\t\n\t\n\t<br style=\"clear: both\" \/>\n\n\t\n\t\t<!-- Pagination -->\n\t<div class='ngg-clear'><\/div>\t<\/div>\n\n","protected":false},"excerpt":{"rendered":"<p>Veiklos tikslas: Stiprinti bendruomen\u0117s \u0161eim\u0173 ra\u0161tingo \ufb01zinio aktyvumo \u012fpro\u010dius laisvalaikiu. \u0160eim\u0173 sporto \u0161e\u0161tadieniai (1k.\/m\u0117n. ): P\u0117s\u010di\u0173j\u0173 \u017eygiai \u0160iaurieti\u0161ki pasivaik\u0161\u010diojimai Plaukimas baseine Kart\u0105 per m\u0117nes\u012f projekto dalyv\u0117s, j\u0173 \u0161eimos nariai bei kiti Kauno rajono gyventojai kvie\u010diami dalyvauti \u0161e\u0161tadieniniuose p\u0117s\u010di\u0173j\u0173 \u017eygiuose, \u0161iaurieti\u0161kuose vaik\u0161\u010diojimuose, praplaukti baseine ar pana\u0161iose \ufb01zinio aktyvumo veiklose. Prie\u0161 kiekvien\u0105 vaik\u0161\u010diojim\u0105 ar plaukim\u0105, dalyviai i\u0161klausys&hellip;<\/p>\n","protected":false},"author":1,"featured_media":412,"parent":0,"menu_order":0,"comment_status":"closed","ping_status":"closed","template":"","meta":{"ngg_post_thumbnail":0},"_links":{"self":[{"href":"https:\/\/www.lmsa.lmlo.lt\/index.php?rest_route=\/wp\/v2\/pages\/502"}],"collection":[{"href":"https:\/\/www.lmsa.lmlo.lt\/index.php?rest_route=\/wp\/v2\/pages"}],"about":[{"href":"https:\/\/www.lmsa.lmlo.lt\/index.php?rest_route=\/wp\/v2\/types\/page"}],"author":[{"embeddable":true,"href":"https:\/\/www.lmsa.lmlo.lt\/index.php?rest_route=\/wp\/v2\/users\/1"}],"replies":[{"embeddable":true,"href":"https:\/\/www.lmsa.lmlo.lt\/index.php?rest_route=%2Fwp%2Fv2%2Fcomments&post=502"}],"version-history":[{"count":3,"href":"https:\/\/www.lmsa.lmlo.lt\/index.php?rest_route=\/wp\/v2\/pages\/502\/revisions"}],"predecessor-version":[{"id":820,"href":"https:\/\/www.lmsa.lmlo.lt\/index.php?rest_route=\/wp\/v2\/pages\/502\/revisions\/820"}],"wp:featuredmedia":[{"embeddable":true,"href":"https:\/\/www.lmsa.lmlo.lt\/index.php?rest_route=\/wp\/v2\/media\/412"}],"wp:attachment":[{"href":"https:\/\/www.lmsa.lmlo.lt\/index.php?rest_route=%2Fwp%2Fv2%2Fmedia&parent=502"}],"curies":[{"name":"wp","href":"https:\/\/api.w.org\/{rel}","templated":true}]}}