{"id":280,"date":"2020-03-29T15:45:36","date_gmt":"2020-03-29T15:45:36","guid":{"rendered":"http:\/\/www.lmsa.lmlo.lt\/?page_id=280"},"modified":"2023-02-22T11:54:04","modified_gmt":"2023-02-22T11:54:04","slug":"rezultatai","status":"publish","type":"page","link":"https:\/\/www.lmsa.lmlo.lt\/?page_id=280","title":{"rendered":"Rezultatai"},"content":{"rendered":"\n<div class=\"wp-block-file aligncenter\"><a href=\"http:\/\/www.lmsa.lmlo.lt\/wp-content\/uploads\/2020\/12\/PROJEKTO-APIBENDRINIMAS-2020-1.pdf\"><br>Projekto dalyvi\u0173 sveikatos rodikli\u0173 kaita \u2013 2019\u20132020 m. REZULTAT\u0172 APIBENDRINIMAS&nbsp;<\/a><a href=\"http:\/\/www.lmsa.lmlo.lt\/wp-content\/uploads\/2020\/12\/PROJEKTO-APIBENDRINIMAS-2020-1.pdf\" class=\"wp-block-file__button\" download>Parsisi\u0173sti<\/a><\/div>\n\n\n\n<p class=\"has-text-align-center\"><span class=\"has-inline-color has-white-color\">.<\/span><\/p>\n\n\n<ul>\n<li style=\"text-align: center;\"><a href=\"http:\/\/www.lmsa.lmlo.lt\/wp-content\/uploads\/2023\/02\/Progreso-vertinimas_-senjoros-2020_12.pdf\" target=\"_blank\" rel=\"noopener noreferrer\">Progreso vertinimas \u2013 senjoros 2020 12<\/a><\/li>\n<li style=\"text-align: center;\"><a href=\"http:\/\/www.lmsa.lmlo.lt\/wp-content\/uploads\/2023\/02\/Progreso-vertinimas_-moterys_mergaites-2020_12.pdf\" target=\"_blank\" rel=\"noopener noreferrer\">Progreso vertinimas \u2013 moterys, mergait\u0117s 2020 12<\/a><\/li>\n<li style=\"text-align: center;\"><a href=\"http:\/\/www.lmsa.lmlo.lt\/wp-content\/uploads\/2023\/02\/Monitoringas_senjoros_2022_-I.pdf\" target=\"_blank\" rel=\"noopener noreferrer\">Monitoringas \u2013 senjoros 2022-I<\/a><\/li>\n<li style=\"text-align: center;\"><a href=\"http:\/\/www.lmsa.lmlo.lt\/wp-content\/uploads\/2023\/02\/Monitoringas_moterys_2022_-II.pdf\" target=\"_blank\" rel=\"noopener noreferrer\">Monitoringas \u2013 moterys, mergait\u0117s 2022-II<\/a><\/li>\n<\/ul>\n\n\n<p class=\"has-text-align-center\"><span class=\"has-inline-color has-white-color\">.<\/span><\/p>\n\n\n\n<p class=\"has-text-align-center\">Projekto dalyvi\u0173 sveikatos rodikli\u0173 kaita \u2013 2022 m. REZULTAT\u0172 APIBENDRINIMAS<\/p>\n\n\n\n\n\n<div class=\"ngg-galleryoverview ngg-slideshow\"\n\t id=\"ngg-slideshow-27cd316631b9930ad264381f1d5f076e-18414187210\"\n     data-gallery-id=\"27cd316631b9930ad264381f1d5f076e\"\n     style=\"max-width: 750px; max-height: 500px;\">\n\n \t<div id=\"ngg-image-0\" class=\"ngg-gallery-slideshow-image\" style=\"height:500px\">\n\n        <a href=\"https:\/\/www.lmsa.lmlo.lt\/wp-content\/gallery\/skaidres\/Slide1.JPG\"\n           title=\"\"\n           data-src=\"https:\/\/www.lmsa.lmlo.lt\/wp-content\/gallery\/skaidres\/Slide1.JPG\"\n           data-thumbnail=\"https:\/\/www.lmsa.lmlo.lt\/wp-content\/gallery\/skaidres\/thumbs\/thumbs_Slide1.JPG\"\n           data-image-id=\"27\"\n           data-title=\"Slide1\"\n           data-description=\"\"\n           class=\"ngg-simplelightbox\" rel=\"27cd316631b9930ad264381f1d5f076e\">\n\n            <img data-image-id='27'\n                 title=\"\"\n                 alt=\"Slide1\"\n                 src=\"https:\/\/www.lmsa.lmlo.lt\/wp-content\/gallery\/skaidres\/Slide1.JPG\"\n                 style=\"max-height: 480px;\"\/>\n        <\/a>\n\n        <\/div> \n<div id=\"ngg-image-1\" class=\"ngg-gallery-slideshow-image\" style=\"height:500px\">\n\n        <a href=\"https:\/\/www.lmsa.lmlo.lt\/wp-content\/gallery\/skaidres\/Slide2.JPG\"\n           title=\"\"\n           data-src=\"https:\/\/www.lmsa.lmlo.lt\/wp-content\/gallery\/skaidres\/Slide2.JPG\"\n           data-thumbnail=\"https:\/\/www.lmsa.lmlo.lt\/wp-content\/gallery\/skaidres\/thumbs\/thumbs_Slide2.JPG\"\n           data-image-id=\"26\"\n           data-title=\"Slide2\"\n           data-description=\"\"\n           class=\"ngg-simplelightbox\" rel=\"27cd316631b9930ad264381f1d5f076e\">\n\n            <img data-image-id='26'\n                 title=\"\"\n                 alt=\"Slide2\"\n                 src=\"https:\/\/www.lmsa.lmlo.lt\/wp-content\/gallery\/skaidres\/Slide2.JPG\"\n                 style=\"max-height: 480px;\"\/>\n        <\/a>\n\n        <\/div> \n<div id=\"ngg-image-2\" class=\"ngg-gallery-slideshow-image\" style=\"height:500px\">\n\n        <a href=\"https:\/\/www.lmsa.lmlo.lt\/wp-content\/gallery\/skaidres\/Slide3.JPG\"\n           title=\"\"\n           data-src=\"https:\/\/www.lmsa.lmlo.lt\/wp-content\/gallery\/skaidres\/Slide3.JPG\"\n           data-thumbnail=\"https:\/\/www.lmsa.lmlo.lt\/wp-content\/gallery\/skaidres\/thumbs\/thumbs_Slide3.JPG\"\n           data-image-id=\"29\"\n           data-title=\"Slide3\"\n           data-description=\"\"\n           class=\"ngg-simplelightbox\" rel=\"27cd316631b9930ad264381f1d5f076e\">\n\n            <img data-image-id='29'\n                 title=\"\"\n                 alt=\"Slide3\"\n                 src=\"https:\/\/www.lmsa.lmlo.lt\/wp-content\/gallery\/skaidres\/Slide3.JPG\"\n                 style=\"max-height: 480px;\"\/>\n        <\/a>\n\n        <\/div> \n<div id=\"ngg-image-3\" class=\"ngg-gallery-slideshow-image\" style=\"height:500px\">\n\n        <a href=\"https:\/\/www.lmsa.lmlo.lt\/wp-content\/gallery\/skaidres\/Slide4.JPG\"\n           title=\"\"\n           data-src=\"https:\/\/www.lmsa.lmlo.lt\/wp-content\/gallery\/skaidres\/Slide4.JPG\"\n           data-thumbnail=\"https:\/\/www.lmsa.lmlo.lt\/wp-content\/gallery\/skaidres\/thumbs\/thumbs_Slide4.JPG\"\n           data-image-id=\"28\"\n           data-title=\"Slide4\"\n           data-description=\"\"\n           class=\"ngg-simplelightbox\" rel=\"27cd316631b9930ad264381f1d5f076e\">\n\n            <img data-image-id='28'\n                 title=\"\"\n                 alt=\"Slide4\"\n                 src=\"https:\/\/www.lmsa.lmlo.lt\/wp-content\/gallery\/skaidres\/Slide4.JPG\"\n                 style=\"max-height: 480px;\"\/>\n        <\/a>\n\n        <\/div> \n<div id=\"ngg-image-4\" class=\"ngg-gallery-slideshow-image\" style=\"height:500px\">\n\n        <a href=\"https:\/\/www.lmsa.lmlo.lt\/wp-content\/gallery\/skaidres\/Slide5.JPG\"\n           title=\"\"\n           data-src=\"https:\/\/www.lmsa.lmlo.lt\/wp-content\/gallery\/skaidres\/Slide5.JPG\"\n           data-thumbnail=\"https:\/\/www.lmsa.lmlo.lt\/wp-content\/gallery\/skaidres\/thumbs\/thumbs_Slide5.JPG\"\n           data-image-id=\"25\"\n           data-title=\"Slide5\"\n           data-description=\"\"\n           class=\"ngg-simplelightbox\" rel=\"27cd316631b9930ad264381f1d5f076e\">\n\n            <img data-image-id='25'\n                 title=\"\"\n                 alt=\"Slide5\"\n                 src=\"https:\/\/www.lmsa.lmlo.lt\/wp-content\/gallery\/skaidres\/Slide5.JPG\"\n                 style=\"max-height: 480px;\"\/>\n        <\/a>\n\n        <\/div> \n<div id=\"ngg-image-5\" class=\"ngg-gallery-slideshow-image\" style=\"height:500px\">\n\n        <a href=\"https:\/\/www.lmsa.lmlo.lt\/wp-content\/gallery\/skaidres\/Slide6.JPG\"\n           title=\"\"\n           data-src=\"https:\/\/www.lmsa.lmlo.lt\/wp-content\/gallery\/skaidres\/Slide6.JPG\"\n           data-thumbnail=\"https:\/\/www.lmsa.lmlo.lt\/wp-content\/gallery\/skaidres\/thumbs\/thumbs_Slide6.JPG\"\n           data-image-id=\"24\"\n           data-title=\"Slide6\"\n           data-description=\"\"\n           class=\"ngg-simplelightbox\" rel=\"27cd316631b9930ad264381f1d5f076e\">\n\n            <img data-image-id='24'\n                 title=\"\"\n                 alt=\"Slide6\"\n                 src=\"https:\/\/www.lmsa.lmlo.lt\/wp-content\/gallery\/skaidres\/Slide6.JPG\"\n                 style=\"max-height: 480px;\"\/>\n        <\/a>\n\n        <\/div> \n<div id=\"ngg-image-6\" class=\"ngg-gallery-slideshow-image\" style=\"height:500px\">\n\n        <a href=\"https:\/\/www.lmsa.lmlo.lt\/wp-content\/gallery\/skaidres\/Slide7.JPG\"\n           title=\"\"\n           data-src=\"https:\/\/www.lmsa.lmlo.lt\/wp-content\/gallery\/skaidres\/Slide7.JPG\"\n           data-thumbnail=\"https:\/\/www.lmsa.lmlo.lt\/wp-content\/gallery\/skaidres\/thumbs\/thumbs_Slide7.JPG\"\n           data-image-id=\"30\"\n           data-title=\"Slide7\"\n           data-description=\"\"\n           class=\"ngg-simplelightbox\" rel=\"27cd316631b9930ad264381f1d5f076e\">\n\n            <img data-image-id='30'\n                 title=\"\"\n                 alt=\"Slide7\"\n                 src=\"https:\/\/www.lmsa.lmlo.lt\/wp-content\/gallery\/skaidres\/Slide7.JPG\"\n                 style=\"max-height: 480px;\"\/>\n        <\/a>\n\n        <\/div> \n<div id=\"ngg-image-7\" class=\"ngg-gallery-slideshow-image\" style=\"height:500px\">\n\n        <a href=\"https:\/\/www.lmsa.lmlo.lt\/wp-content\/gallery\/skaidres\/Slide8.JPG\"\n           title=\"\"\n           data-src=\"https:\/\/www.lmsa.lmlo.lt\/wp-content\/gallery\/skaidres\/Slide8.JPG\"\n           data-thumbnail=\"https:\/\/www.lmsa.lmlo.lt\/wp-content\/gallery\/skaidres\/thumbs\/thumbs_Slide8.JPG\"\n           data-image-id=\"31\"\n           data-title=\"Slide8\"\n           data-description=\"\"\n           class=\"ngg-simplelightbox\" rel=\"27cd316631b9930ad264381f1d5f076e\">\n\n            <img data-image-id='31'\n                 title=\"\"\n                 alt=\"Slide8\"\n                 src=\"https:\/\/www.lmsa.lmlo.lt\/wp-content\/gallery\/skaidres\/Slide8.JPG\"\n                 style=\"max-height: 480px;\"\/>\n        <\/a>\n\n        <\/div> \n<div id=\"ngg-image-8\" class=\"ngg-gallery-slideshow-image\" style=\"height:500px\">\n\n        <a href=\"https:\/\/www.lmsa.lmlo.lt\/wp-content\/gallery\/skaidres\/Slide9.JPG\"\n           title=\"\"\n           data-src=\"https:\/\/www.lmsa.lmlo.lt\/wp-content\/gallery\/skaidres\/Slide9.JPG\"\n           data-thumbnail=\"https:\/\/www.lmsa.lmlo.lt\/wp-content\/gallery\/skaidres\/thumbs\/thumbs_Slide9.JPG\"\n           data-image-id=\"33\"\n           data-title=\"Slide9\"\n           data-description=\"\"\n           class=\"ngg-simplelightbox\" rel=\"27cd316631b9930ad264381f1d5f076e\">\n\n            <img data-image-id='33'\n                 title=\"\"\n                 alt=\"Slide9\"\n                 src=\"https:\/\/www.lmsa.lmlo.lt\/wp-content\/gallery\/skaidres\/Slide9.JPG\"\n                 style=\"max-height: 480px;\"\/>\n        <\/a>\n\n        <\/div> \n<div id=\"ngg-image-9\" class=\"ngg-gallery-slideshow-image\" style=\"height:500px\">\n\n        <a href=\"https:\/\/www.lmsa.lmlo.lt\/wp-content\/gallery\/skaidres\/Slide10.JPG\"\n           title=\"\"\n           data-src=\"https:\/\/www.lmsa.lmlo.lt\/wp-content\/gallery\/skaidres\/Slide10.JPG\"\n           data-thumbnail=\"https:\/\/www.lmsa.lmlo.lt\/wp-content\/gallery\/skaidres\/thumbs\/thumbs_Slide10.JPG\"\n           data-image-id=\"32\"\n           data-title=\"Slide10\"\n           data-description=\"\"\n           class=\"ngg-simplelightbox\" rel=\"27cd316631b9930ad264381f1d5f076e\">\n\n            <img data-image-id='32'\n                 title=\"\"\n                 alt=\"Slide10\"\n                 src=\"https:\/\/www.lmsa.lmlo.lt\/wp-content\/gallery\/skaidres\/Slide10.JPG\"\n                 style=\"max-height: 480px;\"\/>\n        <\/a>\n\n        <\/div> \n<div id=\"ngg-image-10\" class=\"ngg-gallery-slideshow-image\" style=\"height:500px\">\n\n        <a href=\"https:\/\/www.lmsa.lmlo.lt\/wp-content\/gallery\/skaidres\/Slide11.JPG\"\n           title=\"\"\n           data-src=\"https:\/\/www.lmsa.lmlo.lt\/wp-content\/gallery\/skaidres\/Slide11.JPG\"\n           data-thumbnail=\"https:\/\/www.lmsa.lmlo.lt\/wp-content\/gallery\/skaidres\/thumbs\/thumbs_Slide11.JPG\"\n           data-image-id=\"34\"\n           data-title=\"Slide11\"\n           data-description=\"\"\n           class=\"ngg-simplelightbox\" rel=\"27cd316631b9930ad264381f1d5f076e\">\n\n            <img data-image-id='34'\n                 title=\"\"\n                 alt=\"Slide11\"\n                 src=\"https:\/\/www.lmsa.lmlo.lt\/wp-content\/gallery\/skaidres\/Slide11.JPG\"\n                 style=\"max-height: 480px;\"\/>\n        <\/a>\n\n        <\/div> \n<div id=\"ngg-image-11\" class=\"ngg-gallery-slideshow-image\" style=\"height:500px\">\n\n        <a href=\"https:\/\/www.lmsa.lmlo.lt\/wp-content\/gallery\/skaidres\/Slide12.JPG\"\n           title=\"\"\n           data-src=\"https:\/\/www.lmsa.lmlo.lt\/wp-content\/gallery\/skaidres\/Slide12.JPG\"\n           data-thumbnail=\"https:\/\/www.lmsa.lmlo.lt\/wp-content\/gallery\/skaidres\/thumbs\/thumbs_Slide12.JPG\"\n           data-image-id=\"35\"\n           data-title=\"Slide12\"\n           data-description=\"\"\n           class=\"ngg-simplelightbox\" rel=\"27cd316631b9930ad264381f1d5f076e\">\n\n            <img data-image-id='35'\n                 title=\"\"\n                 alt=\"Slide12\"\n                 src=\"https:\/\/www.lmsa.lmlo.lt\/wp-content\/gallery\/skaidres\/Slide12.JPG\"\n                 style=\"max-height: 480px;\"\/>\n        <\/a>\n\n        <\/div> \n<div id=\"ngg-image-12\" class=\"ngg-gallery-slideshow-image\" style=\"height:500px\">\n\n        <a href=\"https:\/\/www.lmsa.lmlo.lt\/wp-content\/gallery\/skaidres\/Slide13.JPG\"\n           title=\"\"\n           data-src=\"https:\/\/www.lmsa.lmlo.lt\/wp-content\/gallery\/skaidres\/Slide13.JPG\"\n           data-thumbnail=\"https:\/\/www.lmsa.lmlo.lt\/wp-content\/gallery\/skaidres\/thumbs\/thumbs_Slide13.JPG\"\n           data-image-id=\"36\"\n           data-title=\"Slide13\"\n           data-description=\"\"\n           class=\"ngg-simplelightbox\" rel=\"27cd316631b9930ad264381f1d5f076e\">\n\n            <img data-image-id='36'\n                 title=\"\"\n                 alt=\"Slide13\"\n                 src=\"https:\/\/www.lmsa.lmlo.lt\/wp-content\/gallery\/skaidres\/Slide13.JPG\"\n                 style=\"max-height: 480px;\"\/>\n        <\/a>\n\n        <\/div> \n<div id=\"ngg-image-13\" class=\"ngg-gallery-slideshow-image\" style=\"height:500px\">\n\n        <a href=\"https:\/\/www.lmsa.lmlo.lt\/wp-content\/gallery\/skaidres\/Slide14.JPG\"\n           title=\"\"\n           data-src=\"https:\/\/www.lmsa.lmlo.lt\/wp-content\/gallery\/skaidres\/Slide14.JPG\"\n           data-thumbnail=\"https:\/\/www.lmsa.lmlo.lt\/wp-content\/gallery\/skaidres\/thumbs\/thumbs_Slide14.JPG\"\n           data-image-id=\"37\"\n           data-title=\"Slide14\"\n           data-description=\"\"\n           class=\"ngg-simplelightbox\" rel=\"27cd316631b9930ad264381f1d5f076e\">\n\n            <img data-image-id='37'\n                 title=\"\"\n                 alt=\"Slide14\"\n                 src=\"https:\/\/www.lmsa.lmlo.lt\/wp-content\/gallery\/skaidres\/Slide14.JPG\"\n                 style=\"max-height: 480px;\"\/>\n        <\/a>\n\n        <\/div> \n<\/div>\n\n\n\n\n\n\n\n<p class=\"has-text-align-center\">Kaip pa\u010dios dalyv\u0117s vertina savo fizin\u0117s b\u016bkl\u0117s ir jausen\u0173 poky\u010dius projekto pabaigoje<\/p>\n\n\n<p><img loading=\"lazy\" class=\"wp-image-703 size-large aligncenter\" src=\"http:\/\/www.lmsa.lmlo.lt\/wp-content\/uploads\/2020\/12\/4-1-1024x485.jpg\" alt=\"\" width=\"1024\" height=\"485\" srcset=\"https:\/\/www.lmsa.lmlo.lt\/wp-content\/uploads\/2020\/12\/4-1-1024x485.jpg 1024w, https:\/\/www.lmsa.lmlo.lt\/wp-content\/uploads\/2020\/12\/4-1-300x142.jpg 300w, https:\/\/www.lmsa.lmlo.lt\/wp-content\/uploads\/2020\/12\/4-1-768x363.jpg 768w, https:\/\/www.lmsa.lmlo.lt\/wp-content\/uploads\/2020\/12\/4-1-1536x727.jpg 1536w, https:\/\/www.lmsa.lmlo.lt\/wp-content\/uploads\/2020\/12\/4-1-2048x969.jpg 2048w\" sizes=\"(max-width: 1024px) 100vw, 1024px\" \/><\/p>\n<p>&nbsp;<\/p>\n<p>&nbsp;<\/p>\n\n\n<p><\/p>\n","protected":false},"excerpt":{"rendered":"<p>. Progreso vertinimas \u2013 senjoros 2020 12 Progreso vertinimas \u2013 moterys, mergait\u0117s 2020 12 Monitoringas \u2013 senjoros 2022-I Monitoringas \u2013 moterys, mergait\u0117s 2022-II . Projekto dalyvi\u0173 sveikatos rodikli\u0173 kaita \u2013 2022 m. REZULTAT\u0172 APIBENDRINIMAS Kaip pa\u010dios dalyv\u0117s vertina savo fizin\u0117s b\u016bkl\u0117s ir jausen\u0173 poky\u010dius projekto pabaigoje &nbsp; &nbsp;<\/p>\n","protected":false},"author":1,"featured_media":412,"parent":0,"menu_order":0,"comment_status":"closed","ping_status":"closed","template":"","meta":{"ngg_post_thumbnail":0},"_links":{"self":[{"href":"https:\/\/www.lmsa.lmlo.lt\/index.php?rest_route=\/wp\/v2\/pages\/280"}],"collection":[{"href":"https:\/\/www.lmsa.lmlo.lt\/index.php?rest_route=\/wp\/v2\/pages"}],"about":[{"href":"https:\/\/www.lmsa.lmlo.lt\/index.php?rest_route=\/wp\/v2\/types\/page"}],"author":[{"embeddable":true,"href":"https:\/\/www.lmsa.lmlo.lt\/index.php?rest_route=\/wp\/v2\/users\/1"}],"replies":[{"embeddable":true,"href":"https:\/\/www.lmsa.lmlo.lt\/index.php?rest_route=%2Fwp%2Fv2%2Fcomments&post=280"}],"version-history":[{"count":49,"href":"https:\/\/www.lmsa.lmlo.lt\/index.php?rest_route=\/wp\/v2\/pages\/280\/revisions"}],"predecessor-version":[{"id":1009,"href":"https:\/\/www.lmsa.lmlo.lt\/index.php?rest_route=\/wp\/v2\/pages\/280\/revisions\/1009"}],"wp:featuredmedia":[{"embeddable":true,"href":"https:\/\/www.lmsa.lmlo.lt\/index.php?rest_route=\/wp\/v2\/media\/412"}],"wp:attachment":[{"href":"https:\/\/www.lmsa.lmlo.lt\/index.php?rest_route=%2Fwp%2Fv2%2Fmedia&parent=280"}],"curies":[{"name":"wp","href":"https:\/\/api.w.org\/{rel}","templated":true}]}}