{"id":242,"date":"2020-03-29T14:04:43","date_gmt":"2020-03-29T14:04:43","guid":{"rendered":"http:\/\/www.lmsa.lmlo.lt\/?page_id=242"},"modified":"2020-03-30T17:25:54","modified_gmt":"2020-03-30T17:25:54","slug":"reguliarios-veiklos","status":"publish","type":"page","link":"https:\/\/www.lmsa.lmlo.lt\/?page_id=242","title":{"rendered":"Reguliarios veiklos"},"content":{"rendered":"\n<ul><li><a href=\"http:\/\/www.lmsa.lmlo.lt\/?page_id=498\">Pradiniai edukaciniai sportiniai renginiai<\/a><\/li><\/ul>\n\n\n\n<ul><li><a href=\"http:\/\/www.lmsa.lmlo.lt\/?page_id=500\">Reguliaraus fizinio aktyvumo programa su \u0161vietimo elementais moterims ir merginoms<\/a><\/li><\/ul>\n\n\n\n<ul><li><a href=\"http:\/\/www.lmsa.lmlo.lt\/?page_id=502\">Periodi\u0161ka (1k\/m\u0117n) fizinio aktyvumo veikla su edukacija savaitgaliais<\/a><\/li><\/ul>\n\n\n\n<ul><li><a href=\"http:\/\/www.lmsa.lmlo.lt\/?page_id=510\">Paskaitos fizinio aktyvumo tema vyresnio am\u017eiaus moterims<\/a><\/li><\/ul>\n\n\n\n<ul><li><a href=\"http:\/\/www.lmsa.lmlo.lt\/?page_id=512\">Dialogin\u0117s grup\u0117s<\/a><\/li><\/ul>\n\n\n\n<ul><li><a href=\"http:\/\/www.lmsa.lmlo.lt\/?page_id=514\">Edukaciniai seminarai<\/a><\/li><\/ul>\n","protected":false},"excerpt":{"rendered":"<p>Pradiniai edukaciniai sportiniai renginiai Reguliaraus fizinio aktyvumo programa su \u0161vietimo elementais moterims ir merginoms Periodi\u0161ka (1k\/m\u0117n) fizinio aktyvumo veikla su edukacija savaitgaliais Paskaitos fizinio aktyvumo tema vyresnio am\u017eiaus moterims Dialogin\u0117s grup\u0117s Edukaciniai seminarai<\/p>\n","protected":false},"author":1,"featured_media":412,"parent":0,"menu_order":0,"comment_status":"closed","ping_status":"closed","template":"","meta":{"ngg_post_thumbnail":0},"_links":{"self":[{"href":"https:\/\/www.lmsa.lmlo.lt\/index.php?rest_route=\/wp\/v2\/pages\/242"}],"collection":[{"href":"https:\/\/www.lmsa.lmlo.lt\/index.php?rest_route=\/wp\/v2\/pages"}],"about":[{"href":"https:\/\/www.lmsa.lmlo.lt\/index.php?rest_route=\/wp\/v2\/types\/page"}],"author":[{"embeddable":true,"href":"https:\/\/www.lmsa.lmlo.lt\/index.php?rest_route=\/wp\/v2\/users\/1"}],"replies":[{"embeddable":true,"href":"https:\/\/www.lmsa.lmlo.lt\/index.php?rest_route=%2Fwp%2Fv2%2Fcomments&post=242"}],"version-history":[{"count":5,"href":"https:\/\/www.lmsa.lmlo.lt\/index.php?rest_route=\/wp\/v2\/pages\/242\/revisions"}],"predecessor-version":[{"id":522,"href":"https:\/\/www.lmsa.lmlo.lt\/index.php?rest_route=\/wp\/v2\/pages\/242\/revisions\/522"}],"wp:featuredmedia":[{"embeddable":true,"href":"https:\/\/www.lmsa.lmlo.lt\/index.php?rest_route=\/wp\/v2\/media\/412"}],"wp:attachment":[{"href":"https:\/\/www.lmsa.lmlo.lt\/index.php?rest_route=%2Fwp%2Fv2%2Fmedia&parent=242"}],"curies":[{"name":"wp","href":"https:\/\/api.w.org\/{rel}","templated":true}]}}