{"id":240,"date":"2020-03-29T14:04:29","date_gmt":"2020-03-29T14:04:29","guid":{"rendered":"http:\/\/www.lmsa.lmlo.lt\/?page_id=240"},"modified":"2020-04-09T19:17:34","modified_gmt":"2020-04-09T19:17:34","slug":"partneriai","status":"publish","type":"page","link":"https:\/\/www.lmsa.lmlo.lt\/?page_id=240","title":{"rendered":"Partneriai"},"content":{"rendered":"\n<h3>Projekto koordinatorius \u2013 <a rel=\"noreferrer noopener\" aria-label=\"Lietuvos moter\u0173 sporto asociacija (LMSA) (atidaroma naujame nar\u0161ykl\u0117s skirtuke)\" href=\"https:\/\/www.facebook.com\/lmsasoc\/\" target=\"_blank\">Lietuvos moter\u0173 sporto asociacija (LMSA)<\/a><\/h3>\n\n\n<p><img loading=\"lazy\" class=\"size-full wp-image-494 alignright\" src=\"http:\/\/www.lmsa.lmlo.lt\/wp-content\/uploads\/2020\/03\/lmsa-3.png\" alt=\"\" width=\"100\" height=\"100\">LMSA \u012fkurta 1994 metais. Tai moderni, atvira pozityvioms id\u0117joms moter\u0173 sporto organizacija, puosel\u0117janti \ufb01zinio aktyvumo, sporto ir sveiko gyvenimo b\u016bdo vertybes, orientuota \u012f mergai\u010di\u0173 ir moter\u0173 jud\u0117jimo poreikio mentaliteto, sveikatos ra\u0161tingumo ugdym\u0105. LMSA 25-rius metus \u012fvairiomis veiklomis skatina Lietuvos mergaites ir moteris b\u016bti \ufb01zi\u0161kai aktyviomis \u2013 vykdo \u012fvairi\u0173 sporto r\u016b\u0161i\u0173 u\u017esi\u0117mimus, organizuoja sporto \u0161ventes, var\u017eybas, festivalius, reguliariai rengia konferencijas, seminarus kuriuose nagrin\u0117jami sveikos gyvensenos, \ufb01zinio aktyvumo \u012ftakos sveikatai ir gyvenimo kokybei klausimai ir kt.<\/p>\n\n\n<h3>Projekto partneris \u2013 <a rel=\"noreferrer noopener\" aria-label=\"Lietuvos moter\u0173 lobistin\u0117 organizacija (LMLO)   (atidaroma naujame nar\u0161ykl\u0117s skirtuke)\" href=\"http:\/\/www.lmlo.lt\" target=\"_blank\">Lietuvos moter\u0173 lobistin\u0117 organizacija (LMLO)<\/a><\/h3>\n\n\n<p><img loading=\"lazy\" class=\"size-full wp-image-490 alignright\" src=\"http:\/\/www.lmsa.lmlo.lt\/wp-content\/uploads\/2020\/03\/lmlo-3.png\" alt=\"\" width=\"100\" height=\"100\">LMLO yra asociacija, vienijanti 37 nevyriausybines organizacijas, dirban\u010dias moter\u0173 ir vyr\u0173 lygyb\u0117s srityje. Misija \u2013 siekti lygyb\u0117s tarp vyr\u0173 ir moter\u0173, ginti moter\u0173 teises visose vie\u0161ojo ir asmeninio gyvenimo srityse, \u012fskaitant, sport\u0105 ir sveikat\u0105 dalyvaujant \ufb01zinio aktyvumo veiklose. LMLO yra did\u017eiausios Europos moter\u0173 sk\u0117tin\u0117s organizacijos European Women\u2018s Lobby (EWL) nar\u0117, o 2017 m. u\u017e aktyvi\u0105 veikl\u0105 jai Europos Parlamentas suteik\u0117 \u201eEuropos Pilie\u010dio\u201c apdovanojim\u0105. LMLO dalyvauja \u012fvairiose edukacin\u0117se ir \u0161vie\u010diamosiose veiklose.<\/p>\n\n\n<h3>Projekto partneris \u2013 <a rel=\"noreferrer noopener\" aria-label=\"Kauno rajono tre\u010diojo am\u017eiaus universitetas (TAU) (atidaroma naujame nar\u0161ykl\u0117s skirtuke)\" href=\"https:\/\/bit.ly\/2Jyc9wg\" target=\"_blank\">Kauno rajono tre\u010diojo am\u017eiaus universitetas (TAU)<\/a> <\/h3>\n\n\n<p><img loading=\"lazy\" class=\"size-full wp-image-492 alignright\" src=\"http:\/\/www.lmsa.lmlo.lt\/wp-content\/uploads\/2020\/03\/tau-3.png\" alt=\"\" width=\"100\" height=\"100\">TAU \u2013 neformaliojo suaugusi\u0173j\u0173 \u0161vietimo institucija, kurios tikslas skatinti vyresnio am\u017eiaus \u017emoni\u0173 aktyvum\u0105, u\u017eimtum\u0105, dalyvavim\u0105 visuomen\u0117s ir savaranki\u0161ko gyvenimo srityse. \u012ekurtas 2012 m. Student\u0173 skai\u010dius nuolat augo, dabar siekia 650, veikla vyksta dvylikoje Kauno rajono seni\u016bnij\u0173. Universitete organizuojamas nepertraukiamas vyresniojo am\u017eiaus asmen\u0173 mokymasis, aktyvinant j\u0173 bendravim\u0105, bendradarbiavim\u0105, savirai\u0161k\u0105 bei patirties sklaid\u0105. Siekiant kurti TAU bendruomen\u0119, organizuojami renginiai: \u012fvair\u016bs konkursai, prot\u0173 m\u016b\u0161iai, akcijos, sporto var\u017eybos, drauge pa\u017eymimos mokslo met\u0173 prad\u017eios ir pabaigos datos.<\/p>\n<p><span style=\"color: #ffffff;\">&#8212;<\/span><\/p>\n\n\n<h3>Projekt\u0105 i\u0161 dalies finansuoja <strong><a rel=\"noreferrer noopener\" href=\"https:\/\/www.smm.lt\/\" target=\"_blank\">\u0160vietimo, mokslo ir sporto ministerija<\/a><\/strong>. <\/h3>\n\n\n<p><img loading=\"lazy\" class=\"size-full wp-image-533 alignleft\" src=\"http:\/\/www.lmsa.lmlo.lt\/wp-content\/uploads\/2020\/03\/smm-3.png\" alt=\"\" width=\"300\" height=\"100\"><\/p>","protected":false},"excerpt":{"rendered":"<p>Projekto koordinatorius \u2013 Lietuvos moter\u0173 sporto asociacija (LMSA) LMSA \u012fkurta 1994 metais. Tai moderni, atvira pozityvioms id\u0117joms moter\u0173 sporto organizacija, puosel\u0117janti \ufb01zinio aktyvumo, sporto ir sveiko gyvenimo b\u016bdo vertybes, orientuota \u012f mergai\u010di\u0173 ir moter\u0173 jud\u0117jimo poreikio mentaliteto, sveikatos ra\u0161tingumo ugdym\u0105. LMSA 25-rius metus \u012fvairiomis veiklomis skatina Lietuvos mergaites ir moteris b\u016bti \ufb01zi\u0161kai aktyviomis \u2013 vykdo&hellip;<\/p>\n","protected":false},"author":1,"featured_media":412,"parent":0,"menu_order":0,"comment_status":"closed","ping_status":"closed","template":"","meta":{"ngg_post_thumbnail":0},"_links":{"self":[{"href":"https:\/\/www.lmsa.lmlo.lt\/index.php?rest_route=\/wp\/v2\/pages\/240"}],"collection":[{"href":"https:\/\/www.lmsa.lmlo.lt\/index.php?rest_route=\/wp\/v2\/pages"}],"about":[{"href":"https:\/\/www.lmsa.lmlo.lt\/index.php?rest_route=\/wp\/v2\/types\/page"}],"author":[{"embeddable":true,"href":"https:\/\/www.lmsa.lmlo.lt\/index.php?rest_route=\/wp\/v2\/users\/1"}],"replies":[{"embeddable":true,"href":"https:\/\/www.lmsa.lmlo.lt\/index.php?rest_route=%2Fwp%2Fv2%2Fcomments&post=240"}],"version-history":[{"count":20,"href":"https:\/\/www.lmsa.lmlo.lt\/index.php?rest_route=\/wp\/v2\/pages\/240\/revisions"}],"predecessor-version":[{"id":607,"href":"https:\/\/www.lmsa.lmlo.lt\/index.php?rest_route=\/wp\/v2\/pages\/240\/revisions\/607"}],"wp:featuredmedia":[{"embeddable":true,"href":"https:\/\/www.lmsa.lmlo.lt\/index.php?rest_route=\/wp\/v2\/media\/412"}],"wp:attachment":[{"href":"https:\/\/www.lmsa.lmlo.lt\/index.php?rest_route=%2Fwp%2Fv2%2Fmedia&parent=240"}],"curies":[{"name":"wp","href":"https:\/\/api.w.org\/{rel}","templated":true}]}}